{"id":14,"date":"2017-12-18T16:25:21","date_gmt":"2017-12-18T16:25:21","guid":{"rendered":"https:\/\/www.muziekfederatie.be?page_id=14"},"modified":"2020-04-06T08:23:59","modified_gmt":"2020-04-06T08:23:59","slug":"evenementen","status":"publish","type":"page","link":"https:\/\/muziekfederatie.be\/fr\/evenementen\/","title":{"rendered":"\u00c9v\u00e9nements"},"content":{"rendered":"<p><span style=\"color: #000000;\">Un weekend,\u00a0une location unique dans \u00a0un superbe cadre, deux \u00e9v\u00e8nements \u201cTaptoe Brussels\u201d &amp; \u201cConcertband festival Brussels\u201d.<\/span><\/p>\n<p><span style=\"color: #000000;\">Depuis 2001\u00a0la\u00a0F\u00e9d\u00e9ration Royale Musicale de la R\u00e9gion Bruxelles-Capitale asbl organise \u00ab\u00a0<strong>Taptoe Brussels\u00a0\u00bb,\u00a0<\/strong>un\u00a0taptoe international sur\u00a0la Grand Place de Bruxelles.<\/span><\/p>\n<p><span style=\"color: #000000;\">Dans le cadre du \u00ab\u00a0Taptoe Brussels\u00a0\u00bb il y a des concerts sur la Grand-Place pendant tout le weekend: \u00ab\u00a0<strong>Concertband Festival Brussels<\/strong>\u00ab\u00a0.<\/span><\/p>\n<p><span style=\"color: #000000;\">Pour ces concerts, nous utilisons deux podiums. Les performances des diff\u00e9rents concertbands peuvent s\u2019encha\u00eener sans interruption.\u00a0<\/span><\/p>\n<p><span style=\"color: #000000;\">Chaque heure il y a une performance d\u2019un autre orchestre!\u00a0<\/span><\/p>\n<p>&nbsp;<\/p>\n<p>&nbsp;<\/p>\n<p><span style=\"color: #000000;\"><strong>SAMEDI 12 SEPTEMBRE 2020\u00a0 \u00a0 \u00a0 \u00a0 \u00a0 \u00a0 \u00a0 \u00a0 \u00a0 \u00a0 \u00a0 \u00a0 \u00a0 \u00a0 \u00a0 \u00a0 \u00a0 \u00a0 \u00a0 \u00a0 \u00a0 \u00a0 \u00a0 \u00a0 ANNUL\u00c9<\/strong><\/span><\/p>\n<p><del><span style=\"color: #000000;\">14.00-18.00 h\u00a0 \u00a0 \u00a0 Concertband Festival Brussels<\/span><\/del><\/p>\n<p><del><span style=\"color: #000000;\">20.00 h\u00a0 \u00a0 \u00a0 \u00a0 \u00a0 \u00a0 \u00a0 \u00a0 \u00a0 TAPTOE BRUSSELS<\/span><\/del><\/p>\n<p>&nbsp;<\/p>\n<p><span style=\"color: #000000;\"><strong>DIMANCHE\u00a0 13 SEPTEMBRE 2020\u00a0 \u00a0 \u00a0 \u00a0 \u00a0 \u00a0 \u00a0 \u00a0 \u00a0 \u00a0 \u00a0 \u00a0 \u00a0 \u00a0 \u00a0 \u00a0 \u00a0 \u00a0 \u00a0 \u00a0 ANNUL\u00c9<\/strong><\/span><\/p>\n<p><del><span style=\"color: #000000;\">12.00-22.00 h\u00a0 \u00a0 \u00a0 Concertband Festival Brussels<\/span><\/del><\/p>\n<p>&nbsp;<\/p>\n<table style=\"height: 185px; width: 690px;\">\n<tbody>\n<tr style=\"height: 24px;\">\n<td style=\"width: 274px; height: 24px;\"><span style=\"color: #000000;\">Website:<\/span><\/td>\n<td style=\"width: 410px; height: 24px;\"><a href=\"http:\/\/www.taptoebrussels.com\">www.taptoebrussels.com<\/a><\/td>\n<\/tr>\n<tr style=\"height: 24px;\">\n<td style=\"width: 274px; height: 24px;\"><span style=\"color: #000000;\">Info Taptoe Brussels :<\/span><\/td>\n<td style=\"width: 410px; height: 24px;\"><a href=\"mailto:taptoebrussels@hotmail.com\">taptoebrussels@hotmail.com<\/a><\/td>\n<\/tr>\n<tr style=\"height: 96px;\">\n<td style=\"width: 274px; height: 96px;\"><span style=\"color: #000000;\">Info Concertband Festival Brussels :<\/span><\/td>\n<td style=\"width: 410px; height: 96px;\"><a href=\"mailto:muziekfederatie@hotmail.com\">muziekfederatie@hotmail.com<\/a><\/p>\n<p><a href=\"http:\/\/www.taptoebrussels.com\/inschrijven\">www.taptoebrussels.com\/inschrijven<\/a><\/td>\n<\/tr>\n<tr>\n<td style=\"width: 274px;\"><\/td>\n<td style=\"width: 410px;\"><\/td>\n<\/tr>\n<\/tbody>\n<\/table>\n<p>&nbsp;<\/p>\n<p>&nbsp;<\/p>\n<p>&nbsp;<\/p>","protected":false},"excerpt":{"rendered":"<p>Un weekend,\u00a0une location unique dans \u00a0un superbe cadre, deux \u00e9v\u00e8nements \u201cTaptoe Brussels\u201d &amp; \u201cConcertband festival Brussels\u201d. Depuis 2001\u00a0la\u00a0F\u00e9d\u00e9ration Royale Musicale de la R\u00e9gion Bruxelles-Capitale asbl organise \u00ab\u00a0Taptoe Brussels\u00a0\u00bb,\u00a0un\u00a0taptoe international sur\u00a0la Grand Place de Bruxelles. Dans le cadre du \u00ab\u00a0Taptoe Brussels\u00a0\u00bb il y a des concerts sur la Grand-Place pendant tout le weekend: \u00ab\u00a0Concertband Festival Brussels\u00ab\u00a0. [&hellip;]<\/p>\n","protected":false},"author":1,"featured_media":0,"parent":0,"menu_order":0,"comment_status":"closed","ping_status":"closed","template":"","meta":{"footnotes":""},"class_list":["post-14","page","type-page","status-publish","hentry","post"],"_links":{"self":[{"href":"https:\/\/muziekfederatie.be\/fr\/wp-json\/wp\/v2\/pages\/14","targetHints":{"allow":["GET"]}}],"collection":[{"href":"https:\/\/muziekfederatie.be\/fr\/wp-json\/wp\/v2\/pages"}],"about":[{"href":"https:\/\/muziekfederatie.be\/fr\/wp-json\/wp\/v2\/types\/page"}],"author":[{"embeddable":true,"href":"https:\/\/muziekfederatie.be\/fr\/wp-json\/wp\/v2\/users\/1"}],"replies":[{"embeddable":true,"href":"https:\/\/muziekfederatie.be\/fr\/wp-json\/wp\/v2\/comments?post=14"}],"version-history":[{"count":12,"href":"https:\/\/muziekfederatie.be\/fr\/wp-json\/wp\/v2\/pages\/14\/revisions"}],"predecessor-version":[{"id":589,"href":"https:\/\/muziekfederatie.be\/fr\/wp-json\/wp\/v2\/pages\/14\/revisions\/589"}],"wp:attachment":[{"href":"https:\/\/muziekfederatie.be\/fr\/wp-json\/wp\/v2\/media?parent=14"}],"curies":[{"name":"wp","href":"https:\/\/api.w.org\/{rel}","templated":true}]}}