{"id":20,"date":"2017-12-18T16:25:47","date_gmt":"2017-12-18T16:25:47","guid":{"rendered":"https:\/\/www.muziekfederatie.be?page_id=20"},"modified":"2022-07-06T16:33:30","modified_gmt":"2022-07-06T16:33:30","slug":"persinfo","status":"publish","type":"page","link":"https:\/\/muziekfederatie.be\/fr\/persinfo\/","title":{"rendered":"Presse"},"content":{"rendered":"<p><span style=\"color: #000000;\">Chers R\u00e9dacteurs,<\/span><\/p>\n<p><span style=\"color: #000000;\">Cette ann\u00e9e, la F\u00e9d\u00e9ration Royale Musicale de la R\u00e9gion Bruxelles-Capitale asbl organise pour la 22i\u00e8me fois un \u00e9v\u00e8nement international <b>Taptoe Brussels\u00a0<\/b>sur la Grand Place de Bruxelles.<\/span><\/p>\n<p><a href=\"https:\/\/muziekfederatie.be\/wp-content\/uploads\/2022\/07\/Pers-25eme-anniversaire-FRM-RBC.pdf\">Pers 25\u00e8me anniversaire FRM RBC<\/a><\/p>\n<p><a href=\"https:\/\/muziekfederatie.be\/wp-content\/uploads\/2022\/07\/Pers-TAPTOE-BRUSSEL-20eme-anniversaire.pdf\">Pers TAPTOE BRUSSEL 20\u00e8me anniversaire<\/a><\/p>\n<p><a href=\"https:\/\/muziekfederatie.be\/wp-content\/uploads\/2022\/07\/TB-2022-PRESSE-Concerts-FR.pdf\">TB 2022 PRESSE Concerts FR<\/a><\/p>\n<p><a href=\"https:\/\/muziekfederatie.be\/wp-content\/uploads\/2022\/07\/TB-2022-PRESSE-Taptoe-FR-gecomprimeerd.pdf\">TB 2022 PRESSE Taptoe FR<\/a><\/p>\n<p>&nbsp;<\/p>\n<p><span style=\"color: #000000;\">Facebook: <a href=\"https:\/\/www.facebook.com\/TaptoeBrussels\/\">Taptoe Brussels<\/a><\/span><\/p>","protected":false},"excerpt":{"rendered":"<p>Chers R\u00e9dacteurs, Cette ann\u00e9e, la F\u00e9d\u00e9ration Royale Musicale de la R\u00e9gion Bruxelles-Capitale asbl organise pour la 22i\u00e8me fois un \u00e9v\u00e8nement international Taptoe Brussels\u00a0sur la Grand Place de Bruxelles. Pers 25\u00e8me anniversaire FRM RBC Pers TAPTOE BRUSSEL 20\u00e8me anniversaire TB 2022 PRESSE Concerts FR TB 2022 PRESSE Taptoe FR &nbsp; Facebook: Taptoe Brussels<\/p>\n","protected":false},"author":1,"featured_media":0,"parent":0,"menu_order":0,"comment_status":"closed","ping_status":"closed","template":"","meta":{"footnotes":""},"class_list":["post-20","page","type-page","status-publish","hentry","post"],"_links":{"self":[{"href":"https:\/\/muziekfederatie.be\/fr\/wp-json\/wp\/v2\/pages\/20","targetHints":{"allow":["GET"]}}],"collection":[{"href":"https:\/\/muziekfederatie.be\/fr\/wp-json\/wp\/v2\/pages"}],"about":[{"href":"https:\/\/muziekfederatie.be\/fr\/wp-json\/wp\/v2\/types\/page"}],"author":[{"embeddable":true,"href":"https:\/\/muziekfederatie.be\/fr\/wp-json\/wp\/v2\/users\/1"}],"replies":[{"embeddable":true,"href":"https:\/\/muziekfederatie.be\/fr\/wp-json\/wp\/v2\/comments?post=20"}],"version-history":[{"count":9,"href":"https:\/\/muziekfederatie.be\/fr\/wp-json\/wp\/v2\/pages\/20\/revisions"}],"predecessor-version":[{"id":5771,"href":"https:\/\/muziekfederatie.be\/fr\/wp-json\/wp\/v2\/pages\/20\/revisions\/5771"}],"wp:attachment":[{"href":"https:\/\/muziekfederatie.be\/fr\/wp-json\/wp\/v2\/media?parent=20"}],"curies":[{"name":"wp","href":"https:\/\/api.w.org\/{rel}","templated":true}]}}