{"id":40,"date":"2017-12-19T08:55:27","date_gmt":"2017-12-19T08:55:27","guid":{"rendered":"https:\/\/www.muziekfederatie.be?page_id=40"},"modified":"2021-10-20T17:13:17","modified_gmt":"2021-10-20T17:13:17","slug":"taptoe-brussels","status":"publish","type":"page","link":"https:\/\/muziekfederatie.be\/fr\/taptoe-brussels\/","title":{"rendered":"Taptoe Brussels"},"content":{"rendered":"<p><\/p>\n<h1><span style=\"color: #000000;\">Qu\u2019est-ce \u201cTaptoe Brussels \u201d ?<\/span><\/h1>\n<p><span style=\"color: #000000;\">Cela fait des ann\u00e9es que la Grand Place de Bruxelles attire des milliers de touristes. De tous les coins de notre plan\u00e8te ils viennent pour admirer ce patrimoine historique sans pareil.<\/span><\/p>\n<p><span style=\"color: #000000;\">A chaque fois ce site unique se voit couvert d\u2019\u00e9loges.<\/span><\/p>\n<p><span style=\"color: #000000;\">C\u2019est dans l\u2019ann\u00e9e 2001 que La F\u00e9d\u00e9ration Royale Musicale de la R\u00e9gion Bruxelles-Capitale a pris l\u2019initiative d\u2019organiser un \u00ab Taptoe International \u00bb \u00e0 la Grand-Place de Bruxelles. Au d\u00e9but, l\u2019\u00e9v\u00e8nement \u00e9tait annonc\u00e9 simplement : \u00ab Taptoe International \u00bb ce qui est maintentant bien connu comme \u00ab Taptoe Brussels \u00bb.<\/span><\/p>\n<p><span style=\"color: #000000;\">Entretemps Taptoe Brussels a obtenu une bonne r\u00e9putation tant \u00e0 l&rsquo;int\u00e9rieur du pays qu\u2019\u00e0 l&rsquo;\u00e9tranger.<\/span><\/p>\n<p><span style=\"color: #000000;\">L\u2019alliage de chapelles musicales nationales et internationales talentueuses avec les habitations historiques en style renaissance flamande r\u00e9sulte en un spectacle Bruxellois unique.<\/span><\/p>\n<p><span style=\"color: #000000;\">\u00ab Taptoe Brussels \u00bb est devenu un \u00e9v\u00e9nement qui contribue \u00e0 l\u2019image nationale et internationale de la R\u00e9gion de Bruxelles-Capitale.<\/span><\/p>\n<p><span style=\"color: #000000;\">Plus d&rsquo;info visitez notre site:\u00a0<a href=\"https:\/\/www.taptoebrussels.com\/\">https:\/\/www.taptoebrussels.com\/<\/a><\/span><\/p>\n<p>&nbsp;<\/p>\n<p>&nbsp;<\/p>","protected":false},"excerpt":{"rendered":"<p>Qu\u2019est-ce \u201cTaptoe Brussels \u201d ? Cela fait des ann\u00e9es que la Grand Place de Bruxelles attire des milliers de touristes. De tous les coins de notre plan\u00e8te ils viennent pour admirer ce patrimoine historique sans pareil. A chaque fois ce site unique se voit couvert d\u2019\u00e9loges. C\u2019est dans l\u2019ann\u00e9e 2001 que La F\u00e9d\u00e9ration Royale Musicale [&hellip;]<\/p>\n","protected":false},"author":1,"featured_media":0,"parent":0,"menu_order":0,"comment_status":"closed","ping_status":"closed","template":"","meta":{"footnotes":""},"class_list":["post-40","page","type-page","status-publish","hentry","post"],"_links":{"self":[{"href":"https:\/\/muziekfederatie.be\/fr\/wp-json\/wp\/v2\/pages\/40","targetHints":{"allow":["GET"]}}],"collection":[{"href":"https:\/\/muziekfederatie.be\/fr\/wp-json\/wp\/v2\/pages"}],"about":[{"href":"https:\/\/muziekfederatie.be\/fr\/wp-json\/wp\/v2\/types\/page"}],"author":[{"embeddable":true,"href":"https:\/\/muziekfederatie.be\/fr\/wp-json\/wp\/v2\/users\/1"}],"replies":[{"embeddable":true,"href":"https:\/\/muziekfederatie.be\/fr\/wp-json\/wp\/v2\/comments?post=40"}],"version-history":[{"count":7,"href":"https:\/\/muziekfederatie.be\/fr\/wp-json\/wp\/v2\/pages\/40\/revisions"}],"predecessor-version":[{"id":642,"href":"https:\/\/muziekfederatie.be\/fr\/wp-json\/wp\/v2\/pages\/40\/revisions\/642"}],"wp:attachment":[{"href":"https:\/\/muziekfederatie.be\/fr\/wp-json\/wp\/v2\/media?parent=40"}],"curies":[{"name":"wp","href":"https:\/\/api.w.org\/{rel}","templated":true}]}}