{"id":401,"date":"2018-05-22T16:28:21","date_gmt":"2018-05-22T16:28:21","guid":{"rendered":"https:\/\/muziekfederatie.be\/?page_id=401"},"modified":"2018-05-22T17:18:13","modified_gmt":"2018-05-22T17:18:13","slug":"privacyverklaring","status":"publish","type":"page","link":"https:\/\/muziekfederatie.be\/fr\/privacyverklaring\/","title":{"rendered":"D\u00e9claration de confidentialit\u00e9"},"content":{"rendered":"<p><strong>La F\u00e9d\u00e9ration Royale Musicale de la R\u00e9gion Bruxelles-Capitale<\/strong> \u00a0attache beaucoup d\u2019attention \u00e0 votre politique de confidentialit\u00e9.<\/p>\n<p>Si vous d\u00e9sirez de ne plus recevoir d\u2019informations de notre part, il vous suffit de nous le signaler via <a href=\"mailto:muziekfederatie@hotmail.com\">muziekfederatie@hotmail.com<\/a><\/p>\n<p>Dans ce cas vous ne recevrez plus aucune information de notre part.<\/p>\n<p>&nbsp;<\/p>\n<p><a href=\"https:\/\/muziekfederatie.be\/wp-content\/uploads\/2018\/05\/privacyverklaring-KMF-BHG.pdf\">privacyverklaring KMF BHG<\/a><\/p>","protected":false},"excerpt":{"rendered":"<p>La F\u00e9d\u00e9ration Royale Musicale de la R\u00e9gion Bruxelles-Capitale \u00a0attache beaucoup d\u2019attention \u00e0 votre politique de confidentialit\u00e9. Si vous d\u00e9sirez de ne plus recevoir d\u2019informations de notre part, il vous suffit de nous le signaler via muziekfederatie@hotmail.com Dans ce cas vous ne recevrez plus aucune information de notre part. &nbsp; privacyverklaring KMF BHG<\/p>\n","protected":false},"author":1,"featured_media":0,"parent":0,"menu_order":0,"comment_status":"closed","ping_status":"closed","template":"","meta":{"footnotes":""},"class_list":["post-401","page","type-page","status-publish","hentry","post"],"_links":{"self":[{"href":"https:\/\/muziekfederatie.be\/fr\/wp-json\/wp\/v2\/pages\/401","targetHints":{"allow":["GET"]}}],"collection":[{"href":"https:\/\/muziekfederatie.be\/fr\/wp-json\/wp\/v2\/pages"}],"about":[{"href":"https:\/\/muziekfederatie.be\/fr\/wp-json\/wp\/v2\/types\/page"}],"author":[{"embeddable":true,"href":"https:\/\/muziekfederatie.be\/fr\/wp-json\/wp\/v2\/users\/1"}],"replies":[{"embeddable":true,"href":"https:\/\/muziekfederatie.be\/fr\/wp-json\/wp\/v2\/comments?post=401"}],"version-history":[{"count":5,"href":"https:\/\/muziekfederatie.be\/fr\/wp-json\/wp\/v2\/pages\/401\/revisions"}],"predecessor-version":[{"id":408,"href":"https:\/\/muziekfederatie.be\/fr\/wp-json\/wp\/v2\/pages\/401\/revisions\/408"}],"wp:attachment":[{"href":"https:\/\/muziekfederatie.be\/fr\/wp-json\/wp\/v2\/media?parent=401"}],"curies":[{"name":"wp","href":"https:\/\/api.w.org\/{rel}","templated":true}]}}